{"id":54,"date":"2015-09-06T16:16:14","date_gmt":"2015-09-06T16:16:14","guid":{"rendered":"http:\/\/kreuz-und-quer.com\/?page_id=54"},"modified":"2021-03-04T09:21:54","modified_gmt":"2021-03-04T09:21:54","slug":"ueber-uns","status":"publish","type":"page","link":"https:\/\/kreuz-und-quer.com\/?page_id=54","title":{"rendered":"\u00dcber Uns"},"content":{"rendered":"<p>Kommen Sie und st\u00f6bern Sie in unseren B\u00fccherregalen nach christlichen B\u00fcchern wie Biographien, Romanen und Bibeln.<br \/>Auch unterschiedliche Kalender und Losungsb\u00fccher haben wir in unserem Sortiment. Lassen sie sich in unserer vielseitigen Geschenkartikelabteilung inspirieren.<\/p>\n<p>Genie\u00dfen Sie vor, w\u00e4hrend oder nach dem Einkauf an unseren Tischen Kaffee oder Tee.<br \/>Wir laden Sie ein zum Gespr\u00e4ch \u00fcber Gott und die Welt.<\/p>\n<h3>Unser Team:<\/h3>\n<p style=\"text-align: center;\">\u00a0<\/p>\n\n\n<figure class=\"wp-block-image size-large\"><img loading=\"lazy\" decoding=\"async\" width=\"1024\" height=\"683\" src=\"https:\/\/kreuz-und-quer.com\/wp-content\/uploads\/2021\/03\/kuq_200717_0052-1024x683.jpeg\" alt=\"\" class=\"wp-image-856\" srcset=\"https:\/\/kreuz-und-quer.com\/wp-content\/uploads\/2021\/03\/kuq_200717_0052-1024x683.jpeg 1024w, https:\/\/kreuz-und-quer.com\/wp-content\/uploads\/2021\/03\/kuq_200717_0052-300x200.jpeg 300w, https:\/\/kreuz-und-quer.com\/wp-content\/uploads\/2021\/03\/kuq_200717_0052-768x512.jpeg 768w, https:\/\/kreuz-und-quer.com\/wp-content\/uploads\/2021\/03\/kuq_200717_0052-600x400.jpeg 600w, https:\/\/kreuz-und-quer.com\/wp-content\/uploads\/2021\/03\/kuq_200717_0052-1536x1024.jpeg 1536w, https:\/\/kreuz-und-quer.com\/wp-content\/uploads\/2021\/03\/kuq_200717_0052-2048x1365.jpeg 2048w, https:\/\/kreuz-und-quer.com\/wp-content\/uploads\/2021\/03\/kuq_200717_0052-240x160.jpeg 240w\" sizes=\"(max-width: 1024px) 100vw, 1024px\" \/><\/figure>\n","protected":false},"excerpt":{"rendered":"<p>Kommen Sie und st\u00f6bern Sie in unseren B\u00fccherregalen nach christlichen B\u00fcchern wie Biographien, Romanen und Bibeln.Auch unterschiedliche Kalender und Losungsb\u00fccher haben wir in unserem Sortiment. Lassen sie sich in unserer vielseitigen Geschenkartikelabteilung inspirieren. Genie\u00dfen Sie vor, w\u00e4hrend oder nach dem Einkauf an unseren Tischen Kaffee oder Tee.Wir laden Sie ein zum Gespr\u00e4ch \u00fcber Gott und [&hellip;]<\/p>\n","protected":false},"author":1,"featured_media":0,"parent":0,"menu_order":0,"comment_status":"closed","ping_status":"closed","template":"","meta":{"footnotes":""},"_links":{"self":[{"href":"https:\/\/kreuz-und-quer.com\/index.php?rest_route=\/wp\/v2\/pages\/54"}],"collection":[{"href":"https:\/\/kreuz-und-quer.com\/index.php?rest_route=\/wp\/v2\/pages"}],"about":[{"href":"https:\/\/kreuz-und-quer.com\/index.php?rest_route=\/wp\/v2\/types\/page"}],"author":[{"embeddable":true,"href":"https:\/\/kreuz-und-quer.com\/index.php?rest_route=\/wp\/v2\/users\/1"}],"replies":[{"embeddable":true,"href":"https:\/\/kreuz-und-quer.com\/index.php?rest_route=%2Fwp%2Fv2%2Fcomments&post=54"}],"version-history":[{"count":14,"href":"https:\/\/kreuz-und-quer.com\/index.php?rest_route=\/wp\/v2\/pages\/54\/revisions"}],"predecessor-version":[{"id":857,"href":"https:\/\/kreuz-und-quer.com\/index.php?rest_route=\/wp\/v2\/pages\/54\/revisions\/857"}],"wp:attachment":[{"href":"https:\/\/kreuz-und-quer.com\/index.php?rest_route=%2Fwp%2Fv2%2Fmedia&parent=54"}],"curies":[{"name":"wp","href":"https:\/\/api.w.org\/{rel}","templated":true}]}}