{"id":700,"date":"2019-11-15T09:48:32","date_gmt":"2019-11-15T09:48:32","guid":{"rendered":"https:\/\/kreuz-und-quer.com\/?page_id=700"},"modified":"2022-12-09T12:24:42","modified_gmt":"2022-12-09T12:24:42","slug":"fruehstueck","status":"publish","type":"page","link":"https:\/\/kreuz-und-quer.com\/?page_id=700","title":{"rendered":"Fr\u00fchst\u00fcck"},"content":{"rendered":"\n<h2 class=\"wp-block-heading\" id=\"fruhstuck-in-wohnzimmeratmosphare\">Fr\u00fchst\u00fcck in Wohnzimmeratmosph\u00e4re<\/h2>\n\n\n\n<p>W\u00e4hlen Sie aus und reservieren Sie einen Tisch. <br>Viel Freude beim Ausw\u00e4hlen.<\/p>\n\n\n\n<figure class=\"wp-block-image size-full\"><a href=\"https:\/\/kreuz-und-quer.com\/wp-content\/uploads\/2022\/11\/Fru\u0308hstu\u0308ckskarte_V20-01.jpg\"><img loading=\"lazy\" decoding=\"async\" width=\"850\" height=\"850\" src=\"https:\/\/kreuz-und-quer.com\/wp-content\/uploads\/2022\/11\/Fru\u0308hstu\u0308ckskarte_V20-01.jpg\" alt=\"\" class=\"wp-image-958\" srcset=\"https:\/\/kreuz-und-quer.com\/wp-content\/uploads\/2022\/11\/Fru\u0308hstu\u0308ckskarte_V20-01.jpg 850w, https:\/\/kreuz-und-quer.com\/wp-content\/uploads\/2022\/11\/Fru\u0308hstu\u0308ckskarte_V20-01-300x300.jpg 300w, https:\/\/kreuz-und-quer.com\/wp-content\/uploads\/2022\/11\/Fru\u0308hstu\u0308ckskarte_V20-01-150x150.jpg 150w, https:\/\/kreuz-und-quer.com\/wp-content\/uploads\/2022\/11\/Fru\u0308hstu\u0308ckskarte_V20-01-768x768.jpg 768w, https:\/\/kreuz-und-quer.com\/wp-content\/uploads\/2022\/11\/Fru\u0308hstu\u0308ckskarte_V20-01-600x600.jpg 600w, https:\/\/kreuz-und-quer.com\/wp-content\/uploads\/2022\/11\/Fru\u0308hstu\u0308ckskarte_V20-01-160x160.jpg 160w\" sizes=\"(max-width: 850px) 100vw, 850px\" \/><\/a><\/figure>\n","protected":false},"excerpt":{"rendered":"<p>Fr\u00fchst\u00fcck in Wohnzimmeratmosph\u00e4re W\u00e4hlen Sie aus und reservieren Sie einen Tisch. Viel Freude beim Ausw\u00e4hlen.<\/p>\n","protected":false},"author":2,"featured_media":958,"parent":0,"menu_order":0,"comment_status":"closed","ping_status":"closed","template":"","meta":{"footnotes":""},"_links":{"self":[{"href":"https:\/\/kreuz-und-quer.com\/index.php?rest_route=\/wp\/v2\/pages\/700"}],"collection":[{"href":"https:\/\/kreuz-und-quer.com\/index.php?rest_route=\/wp\/v2\/pages"}],"about":[{"href":"https:\/\/kreuz-und-quer.com\/index.php?rest_route=\/wp\/v2\/types\/page"}],"author":[{"embeddable":true,"href":"https:\/\/kreuz-und-quer.com\/index.php?rest_route=\/wp\/v2\/users\/2"}],"replies":[{"embeddable":true,"href":"https:\/\/kreuz-und-quer.com\/index.php?rest_route=%2Fwp%2Fv2%2Fcomments&post=700"}],"version-history":[{"count":10,"href":"https:\/\/kreuz-und-quer.com\/index.php?rest_route=\/wp\/v2\/pages\/700\/revisions"}],"predecessor-version":[{"id":973,"href":"https:\/\/kreuz-und-quer.com\/index.php?rest_route=\/wp\/v2\/pages\/700\/revisions\/973"}],"wp:featuredmedia":[{"embeddable":true,"href":"https:\/\/kreuz-und-quer.com\/index.php?rest_route=\/wp\/v2\/media\/958"}],"wp:attachment":[{"href":"https:\/\/kreuz-und-quer.com\/index.php?rest_route=%2Fwp%2Fv2%2Fmedia&parent=700"}],"curies":[{"name":"wp","href":"https:\/\/api.w.org\/{rel}","templated":true}]}}